{"id":195,"date":"2010-05-10T12:16:36","date_gmt":"2010-05-10T11:16:36","guid":{"rendered":"http:\/\/otri.zeus.umh.es\/?page_id=195"},"modified":"2010-05-10T12:16:36","modified_gmt":"2010-05-10T11:16:36","slug":"fpi-micinn","status":"publish","type":"page","link":"https:\/\/sgi.umh.es\/ca\/financiacion-idi\/rrhh-de-investigacion\/formacion-pi\/programa-nacional-de-formacion-de-recursos-humanos-de-investigacion\/fpi-micinn\/","title":{"rendered":"FPI-MICINN"},"content":{"rendered":"<p style=\"text-align: justify\">Ayudas para la formaci\u00f3n de personal investigador en Centros de I+D dirigidas a titulados universitarios que deseen realizar una tesis doctoral asociada a proyectos de I+D concretos financiados por el Plan Nacional de I+D+i. Adicionalmente, este subprograma financia los precios p\u00fablicos por la matr\u00edcula en el m\u00e1ster y doctorado, as\u00ed como la realizaci\u00f3n de estancias breves en otros Centros de I+D.<\/p>\n<p><a href=\"http:\/\/www.micinn.es\/portal\/site\/MICINN\/menuitem.dbc68b34d11ccbd5d52ffeb801432ea0\/?vgnextoid=2d161e84ed136210VgnVCM1000001d04140aRCRD\" target=\"_blank\">Convocatoria 2010<\/a><\/p>\n<p><a href=\"http:\/\/www.micinn.es\/portal\/site\/MICINN\/menuitem.791459a43fdf738d70fd325001432ea0\/?vgnextoid=2d161e84ed136210VgnVCM1000001d04140aRCRD&amp;vgnextchannel=8da5b9746e160210VgnVCM1000001034e20aRCRD&amp;vgnextfmt=formato2&amp;id3=fe84d5b592f66210VgnVCM1000001d04140a____\" target=\"_blank\">Estancias Breves<\/a><\/p>\n","protected":false},"excerpt":{"rendered":"<p>Ayudas para la formaci\u00f3n de personal investigador en Centros de I+D dirigidas a titulados universitarios que deseen realizar una tesis doctoral asociada a proyectos de I+D concretos financiados por el Plan Nacional de I+D+i. Adicionalmente, este subprograma financia los precios p\u00fablicos por la matr\u00edcula en el m\u00e1ster y doctorado, as\u00ed como la realizaci\u00f3n de estancias [&#8230;]<\/p>\n","protected":false},"author":475,"featured_media":0,"parent":194,"menu_order":0,"comment_status":"closed","ping_status":"closed","template":"","meta":{"_links_to":"","_links_to_target":""},"_links":{"self":[{"href":"https:\/\/sgi.umh.es\/ca\/wp-json\/wp\/v2\/pages\/195"}],"collection":[{"href":"https:\/\/sgi.umh.es\/ca\/wp-json\/wp\/v2\/pages"}],"about":[{"href":"https:\/\/sgi.umh.es\/ca\/wp-json\/wp\/v2\/types\/page"}],"author":[{"embeddable":true,"href":"https:\/\/sgi.umh.es\/ca\/wp-json\/wp\/v2\/users\/475"}],"replies":[{"embeddable":true,"href":"https:\/\/sgi.umh.es\/ca\/wp-json\/wp\/v2\/comments?post=195"}],"version-history":[{"count":0,"href":"https:\/\/sgi.umh.es\/ca\/wp-json\/wp\/v2\/pages\/195\/revisions"}],"up":[{"embeddable":true,"href":"https:\/\/sgi.umh.es\/ca\/wp-json\/wp\/v2\/pages\/194"}],"wp:attachment":[{"href":"https:\/\/sgi.umh.es\/ca\/wp-json\/wp\/v2\/media?parent=195"}],"curies":[{"name":"wp","href":"https:\/\/api.w.org\/{rel}","templated":true}]}}