{"id":194,"date":"2010-05-10T12:25:59","date_gmt":"2010-05-10T11:25:59","guid":{"rendered":"http:\/\/otri.zeus.umh.es\/?page_id=194"},"modified":"2012-05-10T09:54:26","modified_gmt":"2012-05-10T09:54:26","slug":"programa-nacional-de-formacion-de-recursos-humanos-de-investigacion","status":"publish","type":"page","link":"https:\/\/sgi.umh.es\/ca\/financiacion-idi\/rrhh-de-investigacion\/formacion-pi\/programa-nacional-de-formacion-de-recursos-humanos-de-investigacion\/","title":{"rendered":"Programa Nacional de Formaci\u00f3n de Recursos Humanos de Investigaci\u00f3n"},"content":{"rendered":"<p><\/p>\n<p><p style=\"text-align: justify\">Dentro de la l\u00ednea instrumental de Recursos Humanos, el Programa Nacional de Formaci\u00f3n de Recursos Humanos tiene el objetivo de garantizar el aumento de la oferta de recursos humanos altamente cualificados, en todos los niveles educativos, tanto para asegurar la disponibilidad de investigadores, tecn\u00f3logos, personal t\u00e9cnico de apoyo, gestores para la I+D e innovaci\u00f3n, como para garantizar la m\u00e1s eficaz formaci\u00f3n de recursos humanos para las actividades de investigaci\u00f3n, desarrollo tecnol\u00f3gico e innovaci\u00f3n, en cantidad y calidad, as\u00ed como promover la formaci\u00f3n permanente y continua de la sociedad del conocimiento.<\/p>\n<p><em><span style=\"text-decoration: underline\">CONVOCATORIAS<\/span><\/em><\/p>\n<p><a href=\"https:\/\/otri.umh.es\/financiacion-idi\/rrhh-de-investigacion\/formacion-pi\/programa-nacional-de-formacion-de-recursos-humanos-de-investigacion\/fpi-micinn-2\/\" target=\"_self\">FORMACI\u00d3N DE PERSONAL INVESTIGADOR (FPI &#8211; MICINN)<\/a><\/p>\n<p>\u00a0<a href=\"https:\/\/otri.umh.es\/financiacion-idi\/rrhh-de-investigacion\/formacion-pi\/programa-nacional-de-formacion-de-recursos-humanos-de-investigacion\/fpu-2\/\" target=\"_self\">FORMACI\u00d3N PROFESORADO UNIVERSITARIO (FPU &#8211; Ministerio de Educaci\u00f3n)<\/a><\/p>\n<p><a href=\"https:\/\/otri.umh.es\/2012\/05\/02\/subprograma-fpi-inia-2012\/\" target=\"_self\">SUBPROGRAMA FPI-INIA<\/a><\/p>\n<p><\/p>","protected":false},"excerpt":{"rendered":"<p>Dentro de la l\u00ednea instrumental de Recursos Humanos, el Programa Nacional de Formaci\u00f3n de Recursos Humanos tiene el objetivo de garantizar el aumento de la oferta de recursos humanos altamente cualificados, en todos los niveles educativos, tanto para asegurar la disponibilidad de investigadores, tecn\u00f3logos, personal t\u00e9cnico de apoyo, gestores para la I+D e innovaci\u00f3n, como [&#8230;]<\/p>\n","protected":false},"author":475,"featured_media":0,"parent":64,"menu_order":0,"comment_status":"closed","ping_status":"closed","template":"","meta":{"_links_to":"","_links_to_target":""},"_links":{"self":[{"href":"https:\/\/sgi.umh.es\/ca\/wp-json\/wp\/v2\/pages\/194"}],"collection":[{"href":"https:\/\/sgi.umh.es\/ca\/wp-json\/wp\/v2\/pages"}],"about":[{"href":"https:\/\/sgi.umh.es\/ca\/wp-json\/wp\/v2\/types\/page"}],"author":[{"embeddable":true,"href":"https:\/\/sgi.umh.es\/ca\/wp-json\/wp\/v2\/users\/475"}],"replies":[{"embeddable":true,"href":"https:\/\/sgi.umh.es\/ca\/wp-json\/wp\/v2\/comments?post=194"}],"version-history":[{"count":0,"href":"https:\/\/sgi.umh.es\/ca\/wp-json\/wp\/v2\/pages\/194\/revisions"}],"up":[{"embeddable":true,"href":"https:\/\/sgi.umh.es\/ca\/wp-json\/wp\/v2\/pages\/64"}],"wp:attachment":[{"href":"https:\/\/sgi.umh.es\/ca\/wp-json\/wp\/v2\/media?parent=194"}],"curies":[{"name":"wp","href":"https:\/\/api.w.org\/{rel}","templated":true}]}}