{"id":183,"date":"2010-05-10T09:02:33","date_gmt":"2010-05-10T08:02:33","guid":{"rendered":"http:\/\/otri.zeus.umh.es\/?page_id=183"},"modified":"2023-05-18T13:09:41","modified_gmt":"2023-05-18T11:09:41","slug":"hoja-de-encargo","status":"publish","type":"page","link":"https:\/\/sgi.umh.es\/ca\/contratos-y-convenios\/contratacion-art-60-losu\/prestaciones-de-servicio\/hoja-de-encargo\/","title":{"rendered":"1.Emplenament de la Fulla d&#8217;Enc\u00e0rrec"},"content":{"rendered":"<p><\/p>\n<p style=\"text-align: justify\">La tramitaci\u00f3 de les prestacions de servei comen\u00e7a amb l&#8217;emplenament de 2 originals de la <strong><a href=\"https:\/\/otri.umh.es\/files\/2019\/07\/Hoja-de-Encargo-jun-2019.pdf\">Fulla\u00a0 d&#8217;Enc\u00e0rrec<\/a><\/strong> (un original correspondr\u00e0 al tercer sol\u00b7licitant del servei i l&#8217;altre a la UMH).<\/p>\n<p>Les Fulles d&#8217;Enc\u00e0rrec hauran d&#8217;incloure la seg\u00fcent informaci\u00f3:<\/p>\n<ul>\n<li>dades del sol\u00b7licitant;<\/li>\n<li>dades de l&#8217;Investigador Responsable (IR);<\/li>\n<li>descripci\u00f3 breu, clara i completa de l&#8217;activitat a realitzar;<\/li>\n<li>import aproximat;<\/li>\n<li>termini aproximat d&#8217;execuci\u00f3<\/li>\n<\/ul>\n<p style=\"text-align: justify\">Hauran d&#8217;estar signades en els espais habilitats per a a\u00e7\u00f2 (amb signatures originals) pel contractant, l&#8217;Investigador Responsable i el Director\/a del Departament\/Institut al que estiga adscrit l&#8217;Investigador Responsable.<\/p>\n<p style=\"text-align: justify\">Les Fulles d&#8217;Enc\u00e0rrec emplenades i signades hauran d&#8217;enviar-se al SGI-OTRI per a comen\u00e7ar la tramitaci\u00f3 de les mateixes.<\/p>\n<p style=\"text-align: justify\"><strong><a href=\"https:\/\/otri.umh.es\/ca\/contratos-y-convenios\/contratacion-art-83-lou\/prestaciones-de-servicio\/\" target=\"_self\" rel=\"noopener noreferrer\">TORNAR<\/a><\/strong><\/p>\n<p><\/p>","protected":false},"excerpt":{"rendered":"<p>La tramitaci\u00f3 de les prestacions de servei comen\u00e7a amb l&#8217;emplenament de 2 originals de la Fulla\u00a0 d&#8217;Enc\u00e0rrec (un original correspondr\u00e0 al tercer sol\u00b7licitant del servei i l&#8217;altre a la UMH).<br \/>\nLes Fulles d&#8217;Enc\u00e0rrec hauran d&#8217;incloure la seg\u00fcent informaci\u00f3:<\/p>\n<p>dades del sol\u00b7licitant;<br \/>\ndades de l&#8217;Investigador Responsable (IR);<br \/>\ndescripci\u00f3 breu, clara i completa de l&#8217;activitat a realitzar;<br \/>\nimport aproximat;<br \/>\ntermini aproximat d&#8217;execuci\u00f3<\/p>\n<p>Hauran d&#8217;estar [&#8230;]<\/p>\n","protected":false},"author":483,"featured_media":0,"parent":78,"menu_order":0,"comment_status":"closed","ping_status":"closed","template":"","meta":{"_links_to":"","_links_to_target":""},"_links":{"self":[{"href":"https:\/\/sgi.umh.es\/ca\/wp-json\/wp\/v2\/pages\/183"}],"collection":[{"href":"https:\/\/sgi.umh.es\/ca\/wp-json\/wp\/v2\/pages"}],"about":[{"href":"https:\/\/sgi.umh.es\/ca\/wp-json\/wp\/v2\/types\/page"}],"author":[{"embeddable":true,"href":"https:\/\/sgi.umh.es\/ca\/wp-json\/wp\/v2\/users\/483"}],"replies":[{"embeddable":true,"href":"https:\/\/sgi.umh.es\/ca\/wp-json\/wp\/v2\/comments?post=183"}],"version-history":[{"count":0,"href":"https:\/\/sgi.umh.es\/ca\/wp-json\/wp\/v2\/pages\/183\/revisions"}],"up":[{"embeddable":true,"href":"https:\/\/sgi.umh.es\/ca\/wp-json\/wp\/v2\/pages\/78"}],"wp:attachment":[{"href":"https:\/\/sgi.umh.es\/ca\/wp-json\/wp\/v2\/media?parent=183"}],"curies":[{"name":"wp","href":"https:\/\/api.w.org\/{rel}","templated":true}]}}