{"id":180,"date":"2010-05-03T13:35:13","date_gmt":"2010-05-03T12:35:13","guid":{"rendered":"http:\/\/otri.zeus.umh.es\/?page_id=180"},"modified":"2024-11-13T14:50:07","modified_gmt":"2024-11-13T13:50:07","slug":"las-10-cosas-que-usted-debe-saber-sobre%e2%80%a6","status":"publish","type":"page","link":"https:\/\/sgi.umh.es\/ca\/las-10-cosas-que-usted-debe-saber-sobre%e2%80%a6\/","title":{"rendered":"Les 10 coses que vost\u00e8 ha de saber sobre\u2026"},"content":{"rendered":"<p><\/p>\n<p style=\"text-align: justify\">En els \u00faltims anys, el marc legislatiu nacional i europeu en el qual es desenvolupen les activitats d&#8217;Investigaci\u00f3 i Transfer\u00e8ncia de Tecnologia ha incorporat canvis substancials, incrementant la complexitat en la gesti\u00f3 d&#8217;aquestes \u00faltimes.<\/p>\n<p style=\"text-align: justify\">En aquest context, el Vicerectorat d&#8217;Investigaci\u00f3 i Transf\u00e8rencia desitja contribuir a facilitar el desenvolupament de les actuacions en mat\u00e8ria d&#8217;Investigaci\u00f3 Cient\u00edfica i T\u00e8cnica i Transfer\u00e8ncia de Coneixement, aportant informaci\u00f3 d&#8217;inter\u00e8s sobre aspectes clau de la gesti\u00f3 d&#8217;aquestes activitats.<\/p>\n<p style=\"text-align: justify\">Aix\u00ed, sorgeix aquesta iniciativa desenvolupada per el SGI denominada \u201cLES 10 COSES QUE VOST\u00c8 HA DE SABER SOBRE\u2026\u201d, consistent en diverses presentacions en les quals vost\u00e8 podr\u00e0 trobar resposta a les q\u00fcestions m\u00e9s freq\u00fcents que es plantegen en l&#8217;\u00e0mbit de la seua activitat investigadora i de transfer\u00e8ncia de tecnologia.<\/p>\n<p style=\"text-align: justify\">Peri\u00f2dicament s&#8217;aniran incorporant noves presentacions en aquesta secci\u00f3.<\/p>\n<p style=\"text-align: justify\">Actualment, pot consultar les seg\u00fcents:<\/p>\n<div style=\"text-align: justify\">\n<p><a href=\"https:\/\/otri.umh.es\/files\/2010\/09\/las10cosasqueusteddebesabersobrepropiedadindustrial.pdf\" target=\"_blank\" rel=\"noopener noreferrer\">Propiedad Industrial<\/a><\/p>\n<p style=\"text-align: justify\"><a href=\"https:\/\/otri.umh.es\/files\/2010\/09\/las10cosasqueusteddebesaberparaprepararunproyectoeuropeo.pdf\" target=\"_blank\" rel=\"noopener noreferrer\">Preparaci\u00f3n de un Proyecto Europeo<\/a><\/p>\n<p style=\"text-align: justify\"><a href=\"https:\/\/otri.umh.es\/files\/2010\/05\/10_cosas_contratos_convenios.pdf\" target=\"_blank\" rel=\"noopener noreferrer\">Contrataci\u00f3n de trabajos por empresas u otras entidades<\/a><\/p>\n<p style=\"text-align: justify\"><a href=\"https:\/\/otri.umh.es\/files\/2010\/09\/las-10-cosas-sobre-licencias.pdf\" target=\"_blank\" rel=\"noopener noreferrer\">Licencias de los derechos de Propiedad Industrial e Intelectual <\/a><\/p>\n<p><a title=\"Las 10 cosas que Vd. debe saber - Preparaci\u00f3n de un Proyecto Nacional\" href=\"https:\/\/otri.umh.es\/files\/2010\/11\/preparacion-de-un-proyecto-nacional.pdf\" target=\"_blank\" rel=\"noopener noreferrer\">Preparaci\u00f3n de un Proyecto Nacional<\/a><\/p>\n<\/div>\n<p><\/p>","protected":false},"excerpt":{"rendered":"<p>En els \u00faltims anys, el marc legislatiu nacional i europeu en el qual es desenvolupen les activitats d&#8217;Investigaci\u00f3 i Transfer\u00e8ncia de Tecnologia ha incorporat canvis substancials, incrementant la complexitat en la gesti\u00f3 d&#8217;aquestes \u00faltimes.<br \/>\nEn aquest context, el Vicerectorat d&#8217;Investigaci\u00f3 i Transf\u00e8rencia desitja contribuir a facilitar el desenvolupament de les actuacions en mat\u00e8ria d&#8217;Investigaci\u00f3 Cient\u00edfica i [&#8230;]<\/p>\n","protected":false},"author":3,"featured_media":0,"parent":0,"menu_order":0,"comment_status":"closed","ping_status":"closed","template":"","meta":{"_links_to":"","_links_to_target":""},"_links":{"self":[{"href":"https:\/\/sgi.umh.es\/ca\/wp-json\/wp\/v2\/pages\/180"}],"collection":[{"href":"https:\/\/sgi.umh.es\/ca\/wp-json\/wp\/v2\/pages"}],"about":[{"href":"https:\/\/sgi.umh.es\/ca\/wp-json\/wp\/v2\/types\/page"}],"author":[{"embeddable":true,"href":"https:\/\/sgi.umh.es\/ca\/wp-json\/wp\/v2\/users\/3"}],"replies":[{"embeddable":true,"href":"https:\/\/sgi.umh.es\/ca\/wp-json\/wp\/v2\/comments?post=180"}],"version-history":[{"count":0,"href":"https:\/\/sgi.umh.es\/ca\/wp-json\/wp\/v2\/pages\/180\/revisions"}],"wp:attachment":[{"href":"https:\/\/sgi.umh.es\/ca\/wp-json\/wp\/v2\/media?parent=180"}],"curies":[{"name":"wp","href":"https:\/\/api.w.org\/{rel}","templated":true}]}}