{"id":178,"date":"2010-05-12T07:37:16","date_gmt":"2010-05-12T06:37:16","guid":{"rendered":"http:\/\/otri.zeus.umh.es\/?page_id=178"},"modified":"2015-10-13T14:43:23","modified_gmt":"2015-10-13T12:43:23","slug":"buzon-de-sugerencias-otri","status":"publish","type":"page","link":"https:\/\/sgi.umh.es\/ca\/presentacion\/buzon-de-sugerencias-otri\/","title":{"rendered":"B\u00fastia de suggeriments"},"content":{"rendered":"<p><\/p>\n<p style=\"text-align: justify\">Aquesta \u00e9s la p\u00e0gina habilitada perqu\u00e8 ens puga fer arribar els seus suggeriments.<\/p>\n<p style=\"text-align: justify\">Una vegada emplenat el seg\u00fcent formulari prema a <strong>Envia<\/strong> per a remetre el suggeriment al\u00a0SGI-OTRI.<\/p>\n<p style=\"text-align: justify\">Gr\u00e0cies per la seua col\u00b7laboraci\u00f3.<\/p>\n<p style=\"text-align: justify\"><strong>B\u00fastia de suggeriments<\/strong><\/p>\n<p style=\"text-align: justify\"><div role=\"form\" class=\"wpcf7\" id=\"wpcf7-f3921-o2\" lang=\"en-US\" dir=\"ltr\">\n<div class=\"screen-reader-response\"><p role=\"status\" aria-live=\"polite\" aria-atomic=\"true\"><\/p> <ul><\/ul><\/div>\n<form action=\"\/ca\/wp-json\/wp\/v2\/pages\/178#wpcf7-f3921-o2\" method=\"post\" class=\"wpcf7-form init\" novalidate=\"novalidate\" data-status=\"init\">\n<div style=\"display: none;\">\n<input type=\"hidden\" name=\"_wpcf7\" value=\"3921\" \/>\n<input type=\"hidden\" name=\"_wpcf7_version\" value=\"5.5.2\" \/>\n<input type=\"hidden\" name=\"_wpcf7_locale\" value=\"en_US\" \/>\n<input type=\"hidden\" name=\"_wpcf7_unit_tag\" value=\"wpcf7-f3921-o2\" \/>\n<input type=\"hidden\" name=\"_wpcf7_container_post\" value=\"0\" \/>\n<input type=\"hidden\" name=\"_wpcf7_posted_data_hash\" value=\"\" \/>\n<input type=\"hidden\" name=\"_wpcf7_recaptcha_response\" value=\"\" \/>\n<\/div>\n<p>Nom <br \/>\n    <span class=\"wpcf7-form-control-wrap your-name\"><input type=\"text\" name=\"your-name\" value=\"\" size=\"40\" class=\"wpcf7-form-control wpcf7-text wpcf7-validates-as-required\" aria-required=\"true\" aria-invalid=\"false\" \/><\/span> <\/p>\n<p>Email <br \/>\n    <span class=\"wpcf7-form-control-wrap your-email\"><input type=\"email\" name=\"your-email\" value=\"\" size=\"40\" class=\"wpcf7-form-control wpcf7-text wpcf7-email wpcf7-validates-as-required wpcf7-validates-as-email\" aria-required=\"true\" aria-invalid=\"false\" \/><\/span> <\/p>\n<p>Missatge<br \/>\n    <span class=\"wpcf7-form-control-wrap your-message\"><textarea name=\"your-message\" cols=\"40\" rows=\"10\" class=\"wpcf7-form-control wpcf7-textarea\" aria-invalid=\"false\"><\/textarea><\/span> <\/p>\n<span class=\"wpcf7-form-control-wrap recaptcha\" data-name=\"recaptcha\"><span data-sitekey=\"6LdoYCckAAAAAPgmKlpU5rIrxI6dbPh9xkctj6p2\" class=\"wpcf7-form-control g-recaptcha wpcf7-recaptcha\"><\/span>\r\n<noscript>\r\n\t<div class=\"grecaptcha-noscript\">\r\n\t\t<iframe src=\"https:\/\/www.google.com\/recaptcha\/api\/fallback?k=6LdoYCckAAAAAPgmKlpU5rIrxI6dbPh9xkctj6p2\" frameborder=\"0\" scrolling=\"no\" width=\"310\" height=\"430\">\r\n\t\t<\/iframe>\r\n\t\t<textarea name=\"g-recaptcha-response\" rows=\"3\" cols=\"40\" placeholder=\"reCaptcha Response Here\">\r\n\t\t<\/textarea>\r\n\t<\/div>\r\n<\/noscript>\r\n<\/span>\n<p><input type=\"submit\" value=\"Envia\" class=\"wpcf7-form-control has-spinner wpcf7-submit\" \/><\/p>\n<div class=\"wpcf7-response-output\" aria-hidden=\"true\"><\/div><\/form><\/div><\/p>\n<p><\/p>","protected":false},"excerpt":{"rendered":"<p>Aquesta \u00e9s la p\u00e0gina habilitada perqu\u00e8 ens puga fer arribar els seus suggeriments.<br \/>\nUna vegada emplenat el seg\u00fcent formulari prema a Envia per a remetre el suggeriment al\u00a0SGI-OTRI.<br \/>\nGr\u00e0cies per la seua col\u00b7laboraci\u00f3.<br \/>\nB\u00fastia de suggeriments<\/p>\n<p>Nom <\/p>\n<p>Email <\/p>\n<p>Missatge<\/p>\n","protected":false},"author":3,"featured_media":0,"parent":1951,"menu_order":400,"comment_status":"closed","ping_status":"closed","template":"","meta":{"_links_to":"","_links_to_target":""},"_links":{"self":[{"href":"https:\/\/sgi.umh.es\/ca\/wp-json\/wp\/v2\/pages\/178"}],"collection":[{"href":"https:\/\/sgi.umh.es\/ca\/wp-json\/wp\/v2\/pages"}],"about":[{"href":"https:\/\/sgi.umh.es\/ca\/wp-json\/wp\/v2\/types\/page"}],"author":[{"embeddable":true,"href":"https:\/\/sgi.umh.es\/ca\/wp-json\/wp\/v2\/users\/3"}],"replies":[{"embeddable":true,"href":"https:\/\/sgi.umh.es\/ca\/wp-json\/wp\/v2\/comments?post=178"}],"version-history":[{"count":0,"href":"https:\/\/sgi.umh.es\/ca\/wp-json\/wp\/v2\/pages\/178\/revisions"}],"up":[{"embeddable":true,"href":"https:\/\/sgi.umh.es\/ca\/wp-json\/wp\/v2\/pages\/1951"}],"wp:attachment":[{"href":"https:\/\/sgi.umh.es\/ca\/wp-json\/wp\/v2\/media?parent=178"}],"curies":[{"name":"wp","href":"https:\/\/api.w.org\/{rel}","templated":true}]}}