{"id":164,"date":"2010-04-28T15:12:29","date_gmt":"2010-04-28T14:12:29","guid":{"rendered":"http:\/\/otri.zeus.umh.es\/?page_id=164"},"modified":"2026-02-10T13:52:10","modified_gmt":"2026-02-10T12:52:10","slug":"becas-oportunidades-laborales-y-movilidad","status":"publish","type":"page","link":"https:\/\/sgi.umh.es\/ca\/financiacion-idi\/otras-convocatorias\/becas-oportunidades-laborales-y-movilidad\/","title":{"rendered":"Beques, oportunitats laborals i mobilitat"},"content":{"rendered":"<p><\/p>\n<p><p style=\"text-align: justify\"><span style=\"color: #808080\"><em>Si desitja <strong>rebre informaci\u00f3 actualitzada sobre les noves convocat\u00f2ries<\/strong> de beques, oportunitats laborals o mobilitat que es vagen publicant en aquest apartat, ha de fer-ho a trav\u00e9s de la font de continguts <strong>RSS<\/strong> situada en la part inferior dreta de la pantalla, en la qual es mostren totes les <strong>categories<\/strong>, en les quals est\u00e0 classificat aquest blog, <strong>a les quals pot subscriure&#8217;s<\/strong>.<\/em><\/span><\/p>\n<p><span style=\"color: #808080\">________________________________________________________________________________________<\/span><\/p>\n<p><a href=\"https:\/\/otri.umh.es\/ca\/financiacion-idi\/otras-convocatorias\/becas-oportunidades-laborales-y-movilidad\/becas\/\" target=\"_self\" rel=\"noopener\">BEQUES<\/a><\/p>\n<p><a href=\"https:\/\/otri.umh.es\/ca\/financiacion-idi\/otras-convocatorias\/becas-oportunidades-laborales-y-movilidad\/oportunidades-laborales\/\" target=\"_self\" rel=\"noopener\">OPORTUNITATS LABORALS<\/a><\/p>\n<p><a href=\"https:\/\/otri.umh.es\/ca\/financiacion-idi\/otras-convocatorias\/becas-oportunidades-laborales-y-movilidad\/movilidad\/\" target=\"_self\" rel=\"noopener\">MOBILITAT<\/a><\/p>\n<p><\/p>","protected":false},"excerpt":{"rendered":"<p>Si desitja rebre informaci\u00f3 actualitzada sobre les noves convocat\u00f2ries de beques, oportunitats laborals o mobilitat que es vagen publicant en aquest apartat, ha de fer-ho a trav\u00e9s de la font de continguts RSS situada en la part inferior dreta de la pantalla, en la qual es mostren totes les categories, en les quals est\u00e0 classificat [&#8230;]<\/p>\n","protected":false},"author":475,"featured_media":0,"parent":161,"menu_order":0,"comment_status":"closed","ping_status":"closed","template":"","meta":{"_links_to":"","_links_to_target":""},"_links":{"self":[{"href":"https:\/\/sgi.umh.es\/ca\/wp-json\/wp\/v2\/pages\/164"}],"collection":[{"href":"https:\/\/sgi.umh.es\/ca\/wp-json\/wp\/v2\/pages"}],"about":[{"href":"https:\/\/sgi.umh.es\/ca\/wp-json\/wp\/v2\/types\/page"}],"author":[{"embeddable":true,"href":"https:\/\/sgi.umh.es\/ca\/wp-json\/wp\/v2\/users\/475"}],"replies":[{"embeddable":true,"href":"https:\/\/sgi.umh.es\/ca\/wp-json\/wp\/v2\/comments?post=164"}],"version-history":[{"count":0,"href":"https:\/\/sgi.umh.es\/ca\/wp-json\/wp\/v2\/pages\/164\/revisions"}],"up":[{"embeddable":true,"href":"https:\/\/sgi.umh.es\/ca\/wp-json\/wp\/v2\/pages\/161"}],"wp:attachment":[{"href":"https:\/\/sgi.umh.es\/ca\/wp-json\/wp\/v2\/media?parent=164"}],"curies":[{"name":"wp","href":"https:\/\/api.w.org\/{rel}","templated":true}]}}