{"id":161,"date":"2010-04-28T14:58:29","date_gmt":"2010-04-28T13:58:29","guid":{"rendered":"http:\/\/otri.zeus.umh.es\/?page_id=161"},"modified":"2022-01-14T12:11:43","modified_gmt":"2022-01-14T11:11:43","slug":"otras-convocatorias","status":"publish","type":"page","link":"https:\/\/sgi.umh.es\/ca\/financiacion-idi\/otras-convocatorias\/","title":{"rendered":"Altres convocat\u00f2ries"},"content":{"rendered":"<p><\/p>\n<p>Aquesta secci\u00f3 arreplega convocat\u00f2ries diverses que poden resultar d&#8217;inter\u00e8s general com a premis d&#8217;investigaci\u00f3, beques, oportunitats laborals o mobilitat.<\/p>\n<p><\/p>","protected":false},"excerpt":{"rendered":"<p>Aquesta secci\u00f3 arreplega convocat\u00f2ries diverses que poden resultar d&#8217;inter\u00e8s general com a premis d&#8217;investigaci\u00f3, beques, oportunitats laborals o mobilitat.<\/p>\n","protected":false},"author":475,"featured_media":0,"parent":57,"menu_order":600,"comment_status":"closed","ping_status":"closed","template":"","meta":{"_links_to":"","_links_to_target":""},"_links":{"self":[{"href":"https:\/\/sgi.umh.es\/ca\/wp-json\/wp\/v2\/pages\/161"}],"collection":[{"href":"https:\/\/sgi.umh.es\/ca\/wp-json\/wp\/v2\/pages"}],"about":[{"href":"https:\/\/sgi.umh.es\/ca\/wp-json\/wp\/v2\/types\/page"}],"author":[{"embeddable":true,"href":"https:\/\/sgi.umh.es\/ca\/wp-json\/wp\/v2\/users\/475"}],"replies":[{"embeddable":true,"href":"https:\/\/sgi.umh.es\/ca\/wp-json\/wp\/v2\/comments?post=161"}],"version-history":[{"count":0,"href":"https:\/\/sgi.umh.es\/ca\/wp-json\/wp\/v2\/pages\/161\/revisions"}],"up":[{"embeddable":true,"href":"https:\/\/sgi.umh.es\/ca\/wp-json\/wp\/v2\/pages\/57"}],"wp:attachment":[{"href":"https:\/\/sgi.umh.es\/ca\/wp-json\/wp\/v2\/media?parent=161"}],"curies":[{"name":"wp","href":"https:\/\/api.w.org\/{rel}","templated":true}]}}