{"id":1526,"date":"2011-05-10T14:57:11","date_gmt":"2011-05-10T12:57:11","guid":{"rendered":"http:\/\/otri.zeus.umh.es\/?page_id=1526"},"modified":"2024-01-25T14:50:16","modified_gmt":"2024-01-25T13:50:16","slug":"movilidad","status":"publish","type":"page","link":"https:\/\/sgi.umh.es\/ca\/financiacion-idi\/otras-convocatorias\/becas-oportunidades-laborales-y-movilidad\/movilidad\/","title":{"rendered":"MOBILITAT"},"content":{"rendered":"<p><a href=\"https:\/\/otri.umh.es\/2021\/06\/15\/cris-out-back-fellowship-programme\/\">CRIS OUT-BACK FELLOWSHIP PROGRAMME _ Fundaci\u00f3n CRIS contra el c\u00e1ncer<\/a><\/p>\n<p><a href=\"https:\/\/otri.umh.es\/2020\/03\/10\/becas-de-investigacion-en-universidades-o-centros-en-el-extranjero-_-2020\/\">Becas de investigaci\u00f3n en universidades o centros en el extranjero &#8211; Fundaci\u00f3n Alfonso Mart\u00edn Escudero<\/a><\/p>\n<p><a href=\"https:\/\/otri.umh.es\/2021\/09\/15\/programa-de-estancias-de-investigacion-desarrollo-e-innovacion-de-la-udima-4\/\">Programa de estancias de investigaci\u00f3n _ UDIMA<\/a><\/p>\n<p><a href=\"https:\/\/otri.umh.es\/2019\/11\/07\/deep-blue-soluciones-innovadoras-para-el-crecimiento-sostenible-del-mar-mediterraneo-_-upm\/\">Proyecto DEEP BLUE _ UPM<\/a><\/p>\n<p><a href=\"https:\/\/otri.umh.es\/2019\/02\/05\/becas-de-la-real-academia-de-medicina-de-la-comunidad-valenciana\/\">Becas de la Real Academia de Medicina de la Comunidad Valenciana<\/a><\/p>","protected":false},"excerpt":{"rendered":"<p>CRIS OUT-BACK FELLOWSHIP PROGRAMME _ Fundaci\u00f3n CRIS contra el c\u00e1ncer<br \/>\nBecas de investigaci\u00f3n en universidades o centros en el extranjero &#8211; Fundaci\u00f3n Alfonso Mart\u00edn Escudero<br \/>\nPrograma de estancias de investigaci\u00f3n _ UDIMA<br \/>\nProyecto DEEP BLUE _ UPM<br \/>\nBecas de la Real Academia de Medicina de la Comunidad Valenciana<\/p>\n","protected":false},"author":475,"featured_media":0,"parent":164,"menu_order":0,"comment_status":"closed","ping_status":"closed","template":"","meta":{"_links_to":"","_links_to_target":""},"_links":{"self":[{"href":"https:\/\/sgi.umh.es\/ca\/wp-json\/wp\/v2\/pages\/1526"}],"collection":[{"href":"https:\/\/sgi.umh.es\/ca\/wp-json\/wp\/v2\/pages"}],"about":[{"href":"https:\/\/sgi.umh.es\/ca\/wp-json\/wp\/v2\/types\/page"}],"author":[{"embeddable":true,"href":"https:\/\/sgi.umh.es\/ca\/wp-json\/wp\/v2\/users\/475"}],"replies":[{"embeddable":true,"href":"https:\/\/sgi.umh.es\/ca\/wp-json\/wp\/v2\/comments?post=1526"}],"version-history":[{"count":0,"href":"https:\/\/sgi.umh.es\/ca\/wp-json\/wp\/v2\/pages\/1526\/revisions"}],"up":[{"embeddable":true,"href":"https:\/\/sgi.umh.es\/ca\/wp-json\/wp\/v2\/pages\/164"}],"wp:attachment":[{"href":"https:\/\/sgi.umh.es\/ca\/wp-json\/wp\/v2\/media?parent=1526"}],"curies":[{"name":"wp","href":"https:\/\/api.w.org\/{rel}","templated":true}]}}