{"id":15053,"date":"2021-03-08T08:48:44","date_gmt":"2021-03-08T07:48:44","guid":{"rendered":"https:\/\/otri.umh.es\/?page_id=15053"},"modified":"2025-12-22T11:56:37","modified_gmt":"2025-12-22T10:56:37","slug":"convocatorias-horizon-europe","status":"publish","type":"page","link":"https:\/\/sgi.umh.es\/ca\/convocatorias-horizon-europe\/","title":{"rendered":"Convocat\u00f2ries HORIZON EUROPE"},"content":{"rendered":"<p><img loading=\"lazy\" class=\"size-full wp-image-25008 alignright\" src=\"https:\/\/sgi.umh.es\/files\/2024\/05\/Captura-1.png\" alt=\"\" width=\"192\" height=\"111\" \/><\/p>\n<p>Pot consultar les <strong>CONVOCAT\u00d2RIES OBERTES<\/strong>\u00a0en l&#8217;enlla\u00e7 del <span style=\"color: #000000\"><a style=\"color: #000000\" href=\"https:\/\/ec.europa.eu\/info\/funding-tenders\/opportunities\/portal\/screen\/opportunities\/calls-for-proposals?order=DESC&amp;pageNumber=1&amp;pageSize=50&amp;sortBy=startDate&amp;isExactMatch=true&amp;status=31094502&amp;programmePeriod=2021%20-%202027&amp;frameworkProgramme=43108390\" target=\"_blank\" rel=\"noopener\">EU Funding &amp; Tenders Portal<\/a> <img loading=\"lazy\" class=\"alignnone size-full wp-image-21020\" src=\"https:\/\/sgi.umh.es\/files\/2023\/03\/abre-en-nueva-ventana-e1727339339203.png\" alt=\"Abre en ventana nueva\" width=\"10\" height=\"10\" \/><\/span><\/p>\n<p>&nbsp;<\/p>\n<p><span style=\"color: #000000\"><a style=\"color: #000000\" href=\"https:\/\/sgi.umh.es\/ca\/2025\/12\/22\/convocatorias-horizon-europe-alimentacion-bioeconomia-recursos-naturales-agricultura-y-medio-ambiente-cluster-6\/\">Convocat\u00f2ries Horizon Europe: Alimentaci\u00f3, Bioeconomia, Recursos Naturals, Agricultura i Medi Ambient (Cl\u00faster 6)<\/a><\/span><\/p>\n<p><a style=\"color: #000000\" href=\"https:\/\/sgi.umh.es\/ca\/2025\/12\/22\/convocatorias-horizon-europe-climate-energy-and-mobility-opportunities-cluster-5\/\">Convocat\u00f2ries Horizon Europe: Climate, Energy and Mobility Opportunities (Cluster 5)<\/a><\/p>\n<p><span style=\"color: #000000\"><a style=\"color: #000000\" href=\"https:\/\/sgi.umh.es\/ca\/2025\/12\/18\/calls-horizon-europe-in-digital-ai-advanced-technologies-cluster-4\/\">Calls Horizon Europe in Digital, AI &amp; Advanced Technologies (Cluster 4)<\/a><\/span><\/p>\n<p><span style=\"color: #000000\"><a style=\"color: #000000\" href=\"https:\/\/sgi.umh.es\/ca\/2025\/12\/18\/calls-2026-horizon-europe-cluster-3-civil-security-for-society\/\">Calls 2026 Horizon Europe, Cluster 3 (Civil Security for Society)<\/a><\/span><\/p>\n<p class=\"titulo-cuerpo\"><span style=\"color: #000000\"><a style=\"color: #000000\" href=\"https:\/\/sgi.umh.es\/ca\/2025\/12\/17\/calls-horizon-europe-cluster-2-cultura-creatividad-y-sociedad-inclusiva\/\">Calls Horizon Europe \u2013 Cluster 2 \u2013 Cultura, Creativitat i Societat Inclusiva<\/a><\/span><\/p>\n<p><span style=\"color: #000000\"><a style=\"color: #000000\" href=\"https:\/\/sgi.umh.es\/ca\/2025\/12\/17\/horizon-europe-health-2026\/\">Horizon Europe Health 2026<\/a><\/span><\/p>\n<p>&nbsp;<\/p>\n<p>Convocat\u00f2ries tancades:<\/p>\n<p><span style=\"color: #000000\"><a style=\"color: #000000\" href=\"https:\/\/sgi.umh.es\/ca\/2025\/09\/04\/convocatorias-abiertas-horizonte-europa-cluster-3-civil-security-for-society\/\">Cl\u00faster 3, centrades en Civil Security for Society, Disaster-Resilient Societies, Protection and Security (HORIZON)<\/a><\/span><\/p>\n<p><span style=\"color: #000000\"><a style=\"color: #000000\" href=\"https:\/\/sgi.umh.es\/ca\/2025\/09\/04\/convocatorias-abiertas-horizonte-europa-cluster-4-advanced-materials-2\/\">Cl\u00faster 4, centrades en IA Generativa, Rob\u00f2tica, Computaci\u00f3 Qu\u00e0ntica<\/a><\/span><\/p>\n<p class=\"titulo-cuerpo\"><span style=\"color: #000000\"><a style=\"color: #000000\" href=\"https:\/\/sgi.umh.es\/ca\/2025\/06\/06\/convocatorias-abiertas-horizonte-europa-health-2025\/\">Horitz\u00f3 Europa Health-2025<\/a><\/span><\/p>\n<p class=\"titulo-cuerpo\"><span style=\"color: #000000\"><a style=\"color: #000000\" href=\"https:\/\/sgi.umh.es\/ca\/2025\/06\/06\/horizonte-europa-cluster-2-cultura-creatividad-y-sociedad-inclusiva\/\">Horitz\u00f3 Europa Cl\u00faster 2: Cultura, Creativitat i Societat Inclusiva<\/a><\/span><\/p>\n<p><span style=\"color: #000000\"><a style=\"color: #000000\" href=\"https:\/\/sgi.umh.es\/ca\/2025\/06\/05\/convocatorias-abiertas-horizonte-europa-cluster-6-agricultura-bosques-y-zonas-rurales\/\">Horitz\u00f3 Europa Cl\u00faster 6: Agricultura, Boscos i Zones Rurals<\/a><\/span><\/p>\n<p class=\"titulo-cuerpo\"><span style=\"color: #000000\"><a style=\"color: #000000\" href=\"https:\/\/sgi.umh.es\/ca\/2025\/06\/05\/convocatorias-abiertas-horizonte-europa-cluster-4-advanced-materials\/\">Horitz\u00f3 Europa Cl\u00faster 4: Advanced Materials<\/a><\/span><\/p>\n<p><span style=\"color: #000000\"><a style=\"color: #000000\" href=\"https:\/\/sgi.umh.es\/ca\/2025\/05\/27\/convocatoria-abierta-erc-advanced-grant-2025\/\">ERC Advanced Grant 2025<\/a><\/span><\/p>\n<p>23\/12\/2024 &#8211; Els recordem les convocat\u00f2ries que actualment estan obertes per a sol\u00b7licitud en el Cl\u00faster 2 de Horizon Europe.\u00a0Call:\u00a0<span style=\"color: #000000\"><a style=\"color: #000000\" href=\"https:\/\/ec.europa.eu\/info\/funding-tenders\/opportunities\/portal\/screen\/opportunities\/topic-details\/horizon-cl2-2024-heritage-eccch-01-01\" target=\"_blank\" rel=\"noopener\">A European Collaborative Cloud for Cultural Heritage &#8211; 2024 (HORIZON-CL2-2024-HERITAGE-ECCCH-01)<\/a> <img loading=\"lazy\" class=\"alignnone size-full wp-image-21020\" src=\"https:\/\/sgi.umh.es\/files\/2023\/03\/abre-en-nueva-ventana-e1727339339203.png\" alt=\"Abre en ventana nueva\" width=\"10\" height=\"10\" \/><\/span><\/p>\n<p>23\/12\/2024 &#8211; Els recordem les convocat\u00f2ries que actualment estan obertes per a sol\u00b7licitud en el Cl\u00faster 5 de Horizon Europe.\u00a0Call: <a href=\"https:\/\/ec.europa.eu\/info\/funding-tenders\/opportunities\/portal\/screen\/opportunities\/topic-details\/HORIZON-CL5-2024-D4-02-01?isExactMatch=true&amp;status=31094501,31094502&amp;callIdentifier=HORIZON-CL5-2024-D4-02&amp;order=DESC&amp;pageNumber=1&amp;pageSize=50&amp;sortBy=startDate\" target=\"_blank\" rel=\"noopener\"><span style=\"color: #000000\">Efficient, sustainable and inclusive energy use <\/span><span style=\"color: #000000\">(HORIZON-CL5-2024-D4-02)<\/span><\/a> <img loading=\"lazy\" class=\"alignnone size-full wp-image-21020\" src=\"https:\/\/sgi.umh.es\/files\/2023\/03\/abre-en-nueva-ventana-e1727339339203.png\" alt=\"Abre en ventana nueva\" width=\"10\" height=\"10\" \/><\/p>\n<p><span style=\"color: #000000\"><a style=\"color: #000000\" href=\"https:\/\/otri.umh.es\/2023\/07\/03\/horizon-europe-cluster-1-salud\/\">Cluster 1 \u2013 Salud<\/a><\/span>\u00a0(2023-2024)<\/p>\n<p class=\"titulo-cuerpo\"><span style=\"color: #000000\"><a style=\"color: #000000\" href=\"https:\/\/otri.umh.es\/2023\/07\/04\/cluster-2-culture-creativity-and-inclusive-society-2023-2024\/\">Cluster 2: Cultura, Creatividad y Sociedad Inclusiva<\/a>\u00a0(2023-2024)<\/span><\/p>\n<p class=\"titulo-cuerpo\"><span style=\"color: #000000\"><a style=\"color: #000000\" href=\"https:\/\/otri.umh.es\/2023\/07\/04\/cluster-3-civil-security-for-society-2023-2024\/\">Cluster 3: Seguridad Civil para la Sociedad<\/a><\/span>\u00a0(2023-2024)<\/p>\n<p class=\"titulo-cuerpo\"><span style=\"color: #000000\"><a style=\"color: #000000\" href=\"https:\/\/otri.umh.es\/2023\/07\/04\/cluster-4-digital-industry-and-space-2023-2024\/\">Cluster 4: Digital, Industria y Espacio<\/a><\/span>\u00a0(2023-2024)<\/p>\n<p><span style=\"color: #000000\"><a style=\"color: #000000\" href=\"https:\/\/otri.umh.es\/2023\/07\/07\/cluster-5-climate-energy-and-mobility\/\">Cluster 5: Clima, Energ\u00eda y Movilidad<\/a><\/span>\u00a0(2023-2024)<\/p>\n<p class=\"titulo-cuerpo\"><span style=\"color: #000000\"><a style=\"color: #000000\" href=\"https:\/\/otri.umh.es\/2023\/07\/10\/cluster-6-food-bioeconomy-natural-resources-agriculture-and-environment\/\">Cluster 6: Alimentaci\u00f3n, Bioeconom\u00eda, Recursos Naturales, Agricultura y Medio Ambiente<\/a><\/span>\u00a0(2023-2024)<\/p>\n<p><span style=\"color: #000000\"><a style=\"color: #000000\" href=\"https:\/\/otri.umh.es\/2023\/02\/09\/erc-2023-adg\/\">ERC-2023-ADG<\/a><\/span><\/p>\n<p><span style=\"color: #000000\"><a style=\"color: #000000\" href=\"https:\/\/otri.umh.es\/2022\/11\/15\/erc-2023-cog\/\">ERC-2023-COG<\/a><\/span><\/p>\n<p><span style=\"color: #000000\"><a style=\"color: #000000\" href=\"https:\/\/otri.umh.es\/2022\/07\/29\/msca-doctoral-networks-2022\/\">MSCA Doctoral Networks 2022<\/a><\/span><\/p>\n<p><span style=\"color: #000000\"><a style=\"color: #000000\" href=\"https:\/\/otri.umh.es\/2022\/07\/25\/erc-2023-stg\/\">ERC-2023-StG<\/a><\/span><\/p>\n<p><span style=\"color: #000000\"><a style=\"color: #000000\" href=\"https:\/\/otri.umh.es\/2021\/06\/29\/horizon-europe-cluster-3-civil-security-for-society\/\">CLUSTER 3 \u201cCIVIL SECURITY FOR SOCIETY\u201d<\/a> (2021-2022)<\/span><\/p>\n<p><span style=\"color: #000000\"><a style=\"color: #000000\" href=\"https:\/\/otri.umh.es\/2021\/06\/23\/horizon-europe-widening-participation-and-strengthening-the-european-research-area\/\">\u201cWIDENING PARTICIPATION AND STRENGTHENING THE EUROPEAN RESEARCH\u00a0AREA\u201d<\/a><\/span><\/p>\n<p><span style=\"color: #000000\"><a style=\"color: #000000\" href=\"https:\/\/otri.umh.es\/2021\/06\/22\/horizon-europe-cluster-1-health\/\">CLUSTER 1 \u201cHEALTH\u201d<\/a> (2021-2022)<\/span><\/p>\n<p><span style=\"color: #000000\"><a style=\"color: #000000\" href=\"https:\/\/otri.umh.es\/2021\/06\/22\/horizon-europe-cluster-4-digital-industry-and-space\/\">CLUSTER 4 \u201cDIGITAL, INDUSTRY AND SPACE\u201d<\/a> (2021-2022)<\/span><\/p>\n<p><span style=\"color: #000000\"><a style=\"color: #000000\" href=\"https:\/\/otri.umh.es\/2022\/03\/14\/erc-2022-adg\/\">ERC-2022-ADG<\/a><\/span><\/p>\n<p><span style=\"color: #000000\"><a style=\"color: #000000\" href=\"https:\/\/otri.umh.es\/2021\/07\/08\/horizon-europe-cluster-5-climate-energy-and-mobility\/\">CLUSTER 5 \u201cCLIMATE, ENERGY AND MOBILITY\u201d<\/a> (2021-2022)<\/span><\/p>\n<p><span style=\"color: #000000\"><a style=\"color: #000000\" href=\"https:\/\/otri.umh.es\/2021\/06\/23\/horizon-europe-cluster-2-culture-creativity-and-inclusive-society\/\">CLUSTER 2 \u201cCULTURE, CREATIVITY AND INCLUSIVE SOCIETY\u201d<\/a> (2021-2022)<\/span><\/p>\n<p><span style=\"color: #000000\"><a style=\"color: #000000\" href=\"https:\/\/otri.umh.es\/2021\/10\/21\/erc-2022-stg\/\">ERC-2022-StG<\/a><\/span><\/p>\n<p><span style=\"color: #000000\"><a style=\"color: #000000\" href=\"https:\/\/otri.umh.es\/2021\/07\/07\/msca-doctoral-networks-2021\/\">MSCA Doctoral Networks 2021<\/a><\/span><\/p>\n<p><span style=\"color: #000000\"><a style=\"color: #000000\" href=\"https:\/\/otri.umh.es\/2021\/05\/25\/erc-2021-adg\/\">ERC-2021-ADG<\/a><\/span><\/p>\n<p class=\"titulo-cuerpo\"><span style=\"color: #000000\"><a style=\"color: #000000\" href=\"https:\/\/otri.umh.es\/2021\/03\/31\/horizon-eic-2021-pathfinderopen-01-01\/\">HORIZON-EIC-2021-PATHFINDEROPEN-01-01<\/a><\/span><\/p>\n<p class=\"titulo-cuerpo\"><span style=\"color: #000000\"><a style=\"color: #000000\" href=\"https:\/\/otri.umh.es\/2021\/03\/15\/erc-2021-cog\/\">ERC-2021-COG<\/a><\/span><\/p>\n<p class=\"titulo-cuerpo\"><span style=\"color: #000000\"><a style=\"color: #000000\" href=\"https:\/\/otri.umh.es\/2021\/03\/08\/erc-2021-stg\/\">ERC-2021-StG<\/a><\/span><\/p>\n<p><\/p>","protected":false},"excerpt":{"rendered":"<p>Pot consultar les CONVOCAT\u00d2RIES OBERTES\u00a0en l&#8217;enlla\u00e7 del EU Funding &amp; Tenders Portal<br \/>\n&nbsp;<br \/>\nConvocat\u00f2ries Horizon Europe: Alimentaci\u00f3, Bioeconomia, Recursos Naturals, Agricultura i Medi Ambient (Cl\u00faster 6)<br \/>\nConvocat\u00f2ries Horizon Europe: Climate, Energy and Mobility Opportunities (Cluster 5)<br \/>\nCalls Horizon Europe in Digital, AI &amp; Advanced Technologies (Cluster 4)<br \/>\nCalls 2026 Horizon Europe, Cluster 3 (Civil Security for Society)<br \/>\nCalls Horizon Europe [&#8230;]<\/p>\n","protected":false},"author":479,"featured_media":0,"parent":0,"menu_order":0,"comment_status":"closed","ping_status":"closed","template":"","meta":{"_links_to":"","_links_to_target":""},"_links":{"self":[{"href":"https:\/\/sgi.umh.es\/ca\/wp-json\/wp\/v2\/pages\/15053"}],"collection":[{"href":"https:\/\/sgi.umh.es\/ca\/wp-json\/wp\/v2\/pages"}],"about":[{"href":"https:\/\/sgi.umh.es\/ca\/wp-json\/wp\/v2\/types\/page"}],"author":[{"embeddable":true,"href":"https:\/\/sgi.umh.es\/ca\/wp-json\/wp\/v2\/users\/479"}],"replies":[{"embeddable":true,"href":"https:\/\/sgi.umh.es\/ca\/wp-json\/wp\/v2\/comments?post=15053"}],"version-history":[{"count":0,"href":"https:\/\/sgi.umh.es\/ca\/wp-json\/wp\/v2\/pages\/15053\/revisions"}],"wp:attachment":[{"href":"https:\/\/sgi.umh.es\/ca\/wp-json\/wp\/v2\/media?parent=15053"}],"curies":[{"name":"wp","href":"https:\/\/api.w.org\/{rel}","templated":true}]}}