{"id":1485,"date":"2011-04-15T11:54:38","date_gmt":"2011-04-15T09:54:38","guid":{"rendered":"http:\/\/otri.zeus.umh.es\/?page_id=1485"},"modified":"2025-04-30T13:46:31","modified_gmt":"2025-04-30T11:46:31","slug":"subprograma-de-apoyo-a-centros-y-unidades-de-excelencia-severo-ochoa","status":"publish","type":"page","link":"https:\/\/sgi.umh.es\/ca\/financiacion-idi\/proyectos-de-investigacion\/ayudas-nacionales-idi\/convocatorias\/programas-nacionales\/subprograma-de-apoyo-a-centros-y-unidades-de-excelencia-severo-ochoa\/","title":{"rendered":"Subprograma de Suport a Centres i Unitats d&#8217;Excel\u00b7l\u00e8ncia Severo Ochoa"},"content":{"rendered":"<p><\/p>\n<p style=\"text-align: justify\">La convocat\u00f2ria de &#8220;Centres d&#8217;Excel\u00b7l\u00e8ncia Severo Ochoa i Unitats d&#8217;Excel\u00b7l\u00e8ncia Mar\u00eda de Maeztu&#8221; t\u00e9 un doble objectiu: acreditar als centres com a Centres d&#8217;Excel\u00b7l\u00e8ncia &#8220;Severo Ochoa&#8221;\/Unitats d&#8217;Excel\u00b7l\u00e8ncia &#8220;Maria de Maeztu&#8221; i subvencionar el programa de recerca dels centres\/unitats durant els quatre anys de vig\u00e8ncia de l&#8217;acreditaci\u00f3.<\/p>\n<p><a href=\"https:\/\/sgi.umh.es\/ca\/2025\/04\/30\/centros-de-excelencia-severo-ochoa-y-unidades-de-excelencia-maria-de-maeztu-cex2025-aei-miciu\/\">Convocat\u00f2ria 2025<\/a><\/p>\n<p style=\"text-align: justify\">\n<p><\/p>","protected":false},"excerpt":{"rendered":"<p>La convocat\u00f2ria de &#8220;Centres d&#8217;Excel\u00b7l\u00e8ncia Severo Ochoa i Unitats d&#8217;Excel\u00b7l\u00e8ncia Mar\u00eda de Maeztu&#8221; t\u00e9 un doble objectiu: acreditar als centres com a Centres d&#8217;Excel\u00b7l\u00e8ncia &#8220;Severo Ochoa&#8221;\/Unitats d&#8217;Excel\u00b7l\u00e8ncia &#8220;Maria de Maeztu&#8221; i subvencionar el programa de recerca dels centres\/unitats durant els quatre anys de vig\u00e8ncia de l&#8217;acreditaci\u00f3.<br \/>\nConvocat\u00f2ria 2025<\/p>\n","protected":false},"author":486,"featured_media":0,"parent":253,"menu_order":0,"comment_status":"closed","ping_status":"closed","template":"","meta":{"_links_to":"","_links_to_target":""},"_links":{"self":[{"href":"https:\/\/sgi.umh.es\/ca\/wp-json\/wp\/v2\/pages\/1485"}],"collection":[{"href":"https:\/\/sgi.umh.es\/ca\/wp-json\/wp\/v2\/pages"}],"about":[{"href":"https:\/\/sgi.umh.es\/ca\/wp-json\/wp\/v2\/types\/page"}],"author":[{"embeddable":true,"href":"https:\/\/sgi.umh.es\/ca\/wp-json\/wp\/v2\/users\/486"}],"replies":[{"embeddable":true,"href":"https:\/\/sgi.umh.es\/ca\/wp-json\/wp\/v2\/comments?post=1485"}],"version-history":[{"count":0,"href":"https:\/\/sgi.umh.es\/ca\/wp-json\/wp\/v2\/pages\/1485\/revisions"}],"up":[{"embeddable":true,"href":"https:\/\/sgi.umh.es\/ca\/wp-json\/wp\/v2\/pages\/253"}],"wp:attachment":[{"href":"https:\/\/sgi.umh.es\/ca\/wp-json\/wp\/v2\/media?parent=1485"}],"curies":[{"name":"wp","href":"https:\/\/api.w.org\/{rel}","templated":true}]}}