{"id":13362,"date":"2020-04-27T09:24:32","date_gmt":"2020-04-27T07:24:32","guid":{"rendered":"https:\/\/otri.umh.es\/?page_id=13362"},"modified":"2023-04-27T11:40:02","modified_gmt":"2023-04-27T09:40:02","slug":"proyectos-de-id-plan-estatal-de-investigacion-cientifica-y-tecnica-y-de-innovacion-2017-2020","status":"publish","type":"page","link":"https:\/\/sgi.umh.es\/ca\/financiacion-idi\/proyectos-de-investigacion\/ayudas-nacionales-idi\/proyectos-de-id-plan-estatal-de-investigacion-cientifica-y-tecnica-y-de-innovacion-2017-2020\/","title":{"rendered":"<span lang=\"es\">(Espa\u00f1ol) Proyectos de I+D &#8211; Plan Estatal de Investigaci\u00f3n Cient\u00edfica y T\u00e9cnica y de Innovaci\u00f3n 2017-2020<\/span>"},"content":{"rendered":"<p class=\"qtranxs-available-languages-message qtranxs-available-languages-message-ca\">Ho sentim, aquesta entrada es troba disponible \u00fanicament en <a href=\"https:\/\/sgi.umh.es\/es\/wp-json\/wp\/v2\/pages\/13362\" class=\"qtranxs-available-language-link qtranxs-available-language-link-es\" title=\"Espa\u00f1ol\">Espanyol Europeu<\/a>.<\/p>","protected":false},"excerpt":{"rendered":"<p>Ho sentim, aquesta entrada es troba disponible \u00fanicament en Espanyol Europeu.<\/p>\n","protected":false},"author":4007,"featured_media":0,"parent":61,"menu_order":0,"comment_status":"closed","ping_status":"closed","template":"","meta":{"_links_to":"","_links_to_target":""},"_links":{"self":[{"href":"https:\/\/sgi.umh.es\/ca\/wp-json\/wp\/v2\/pages\/13362"}],"collection":[{"href":"https:\/\/sgi.umh.es\/ca\/wp-json\/wp\/v2\/pages"}],"about":[{"href":"https:\/\/sgi.umh.es\/ca\/wp-json\/wp\/v2\/types\/page"}],"author":[{"embeddable":true,"href":"https:\/\/sgi.umh.es\/ca\/wp-json\/wp\/v2\/users\/4007"}],"replies":[{"embeddable":true,"href":"https:\/\/sgi.umh.es\/ca\/wp-json\/wp\/v2\/comments?post=13362"}],"version-history":[{"count":0,"href":"https:\/\/sgi.umh.es\/ca\/wp-json\/wp\/v2\/pages\/13362\/revisions"}],"up":[{"embeddable":true,"href":"https:\/\/sgi.umh.es\/ca\/wp-json\/wp\/v2\/pages\/61"}],"wp:attachment":[{"href":"https:\/\/sgi.umh.es\/ca\/wp-json\/wp\/v2\/media?parent=13362"}],"curies":[{"name":"wp","href":"https:\/\/api.w.org\/{rel}","templated":true}]}}