{"id":1285,"date":"2011-02-07T14:19:27","date_gmt":"2011-02-07T13:19:27","guid":{"rendered":"http:\/\/otri.zeus.umh.es\/?page_id=1285"},"modified":"2012-02-03T10:13:32","modified_gmt":"2012-02-03T10:13:32","slug":"fpi-micinn-2","status":"publish","type":"page","link":"https:\/\/sgi.umh.es\/ca\/financiacion-idi\/rrhh-de-investigacion\/formacion-pi\/programa-nacional-de-formacion-de-recursos-humanos-de-investigacion\/fpi-micinn-2\/","title":{"rendered":"FPI-MICINN"},"content":{"rendered":"<p><\/p>\n<p style=\"text-align: justify\">Ayudas para la formaci\u00f3n de personal investigador en Centros de I+D dirigidas a titulados universitarios que deseen realizar una tesis doctoral asociada a proyectos de I+D concretos financiados por el Plan Nacional de I+D+i. Adicionalmente, este subprograma financia los precios p\u00fablicos por la matr\u00edcula en el m\u00e1ster y doctorado, as\u00ed como la realizaci\u00f3n de estancias breves en otros Centros de I+D.<\/p>\n<p><span style=\"color: #2970a6\"><a href=\"https:\/\/otri.umh.es\/2011\/02\/07\/fpi-micinn-convocatoria-2011\/\" target=\"_self\">Convocatoria 2011<\/a><\/span><\/p>\n<p><span style=\"color: #2970a6\"><a href=\"https:\/\/otri.umh.es\/2011\/07\/21\/estancias-breves-fpi-micinn\/\" target=\"_self\">Estancias Breves<\/a><\/span><\/p>\n<p><\/p>","protected":false},"excerpt":{"rendered":"<p>Ayudas para la formaci\u00f3n de personal investigador en Centros de I+D dirigidas a titulados universitarios que deseen realizar una tesis doctoral asociada a proyectos de I+D concretos financiados por el Plan Nacional de I+D+i. Adicionalmente, este subprograma financia los precios p\u00fablicos por la matr\u00edcula en el m\u00e1ster y doctorado, as\u00ed como la realizaci\u00f3n de estancias [&#8230;]<\/p>\n","protected":false},"author":475,"featured_media":0,"parent":194,"menu_order":0,"comment_status":"closed","ping_status":"closed","template":"","meta":{"_links_to":"","_links_to_target":""},"_links":{"self":[{"href":"https:\/\/sgi.umh.es\/ca\/wp-json\/wp\/v2\/pages\/1285"}],"collection":[{"href":"https:\/\/sgi.umh.es\/ca\/wp-json\/wp\/v2\/pages"}],"about":[{"href":"https:\/\/sgi.umh.es\/ca\/wp-json\/wp\/v2\/types\/page"}],"author":[{"embeddable":true,"href":"https:\/\/sgi.umh.es\/ca\/wp-json\/wp\/v2\/users\/475"}],"replies":[{"embeddable":true,"href":"https:\/\/sgi.umh.es\/ca\/wp-json\/wp\/v2\/comments?post=1285"}],"version-history":[{"count":0,"href":"https:\/\/sgi.umh.es\/ca\/wp-json\/wp\/v2\/pages\/1285\/revisions"}],"up":[{"embeddable":true,"href":"https:\/\/sgi.umh.es\/ca\/wp-json\/wp\/v2\/pages\/194"}],"wp:attachment":[{"href":"https:\/\/sgi.umh.es\/ca\/wp-json\/wp\/v2\/media?parent=1285"}],"curies":[{"name":"wp","href":"https:\/\/api.w.org\/{rel}","templated":true}]}}