{"id":124,"date":"2010-04-19T13:14:32","date_gmt":"2010-04-19T12:14:32","guid":{"rendered":"http:\/\/otri.zeus.umh.es\/?page_id=124"},"modified":"2024-02-15T13:51:29","modified_gmt":"2024-02-15T12:51:29","slug":"normativas-relacionadas","status":"publish","type":"page","link":"https:\/\/sgi.umh.es\/ca\/normativas-relacionadas\/","title":{"rendered":"Normativa d&#8217;aplicaci\u00f3 a Projectes Europeus"},"content":{"rendered":"<p><strong><span style=\"color: #888888\">NORMATIVA UMH<\/span><\/strong><\/p>\n<p><span style=\"color: #000000\"><a style=\"color: #000000\" href=\"https:\/\/otri.umh.es\/files\/2018\/10\/20190723_normativa-interna-gestion-de-remanentes-presupuestarios-programa-marco-HORIZONTE-2020_Modificaci\u00f3n.pdf\" rel=\"noopener noreferrer\">Acord d&#8217;aprovaci\u00f3 de la Normativa interna per a la gesti\u00f3 dels romanents pressupostaris procedents d&#8217;accions del programa marque Horitz\u00f3 2020 de la Uni\u00f3 Europea<\/a><\/span><\/p>\n<p><span style=\"color: #000000\"><a style=\"color: #000000\" href=\"https:\/\/otri.umh.es\/files\/2010\/04\/20140529_Modificaci\u00f3n-Normativa-interna-calculo-costes-indirectos-proyectos-Uni\u00f3n-Europea.pdf\" rel=\"noopener noreferrer\">Normativa interna per al c\u00e0lcul de costos indirectes de recerca en la universitat\u00a0Miguel Hern\u00e1ndez de Elche\u00a0per a projectes del programa marque de la Uni\u00f3 Europea<\/a><\/span><\/p>\n<p><span style=\"color: #000000\"><a style=\"color: #000000\" href=\"https:\/\/otri.umh.es\/files\/2019\/09\/20190723_normativa-interna-gestion-de-remanentes-presupuestarios-programa-europeos-e-internacionales_Modificaci\u00f3n.pdf\" rel=\"noopener noreferrer\">Normativa romanents altres programes europeus<\/a><\/span><\/p>","protected":false},"excerpt":{"rendered":"<p>NORMATIVA UMH<br \/>\nAcord d&#8217;aprovaci\u00f3 de la Normativa interna per a la gesti\u00f3 dels romanents pressupostaris procedents d&#8217;accions del programa marque Horitz\u00f3 2020 de la Uni\u00f3 Europea<br \/>\nNormativa interna per al c\u00e0lcul de costos indirectes de recerca en la universitat\u00a0Miguel Hern\u00e1ndez de Elche\u00a0per a projectes del programa marque de la Uni\u00f3 Europea<br \/>\nNormativa romanents altres programes europeus<\/p>\n","protected":false},"author":479,"featured_media":0,"parent":0,"menu_order":110,"comment_status":"closed","ping_status":"closed","template":"","meta":{"_links_to":"","_links_to_target":""},"_links":{"self":[{"href":"https:\/\/sgi.umh.es\/ca\/wp-json\/wp\/v2\/pages\/124"}],"collection":[{"href":"https:\/\/sgi.umh.es\/ca\/wp-json\/wp\/v2\/pages"}],"about":[{"href":"https:\/\/sgi.umh.es\/ca\/wp-json\/wp\/v2\/types\/page"}],"author":[{"embeddable":true,"href":"https:\/\/sgi.umh.es\/ca\/wp-json\/wp\/v2\/users\/479"}],"replies":[{"embeddable":true,"href":"https:\/\/sgi.umh.es\/ca\/wp-json\/wp\/v2\/comments?post=124"}],"version-history":[{"count":0,"href":"https:\/\/sgi.umh.es\/ca\/wp-json\/wp\/v2\/pages\/124\/revisions"}],"wp:attachment":[{"href":"https:\/\/sgi.umh.es\/ca\/wp-json\/wp\/v2\/media?parent=124"}],"curies":[{"name":"wp","href":"https:\/\/api.w.org\/{rel}","templated":true}]}}