{"id":115,"date":"2010-04-14T17:09:09","date_gmt":"2010-04-14T16:09:09","guid":{"rendered":"http:\/\/otri.zeus.umh.es\/?page_id=115"},"modified":"2025-07-04T09:58:29","modified_gmt":"2025-07-04T07:58:29","slug":"programas-regionales","status":"publish","type":"page","link":"https:\/\/sgi.umh.es\/ca\/financiacion-idi\/movilidad\/programas-regionales\/","title":{"rendered":"Programes Regionals"},"content":{"rendered":"<p><\/p>\n<address>Si desitja <strong>rebre informaci\u00f3 actualitzada sobre les noves convocat\u00f2ries d&#8217;ajudes a la mobilitat<\/strong> que es vagen publicant en aquest apartat, ha de fer-ho a trav\u00e9s de la font de continguts <strong>RSS<\/strong> situada en la part inferior dreta de la pantalla, en la qual es mostren totes les <strong>categories<\/strong>, en les quals est\u00e0 classificat aquest blog, <strong>a les quals pot subscriure&#8217;s<\/strong>.<\/address>\n<p><span style=\"color: #808080\">________________________________________________________________________________________<\/span><\/p>\n<p style=\"text-align: justify\"><strong>Convocatoria seg\u00fan Resoluci\u00f3n de 14 de septiembre de 2021, de la Conselleria de Innovaci\u00f3n, Universidades, Ciencia y Sociedad Digital:<\/strong><\/p>\n<p><a href=\"https:\/\/otri.umh.es\/2021\/10\/04\/subvenciones-para-la-movilidad-de-investigadores-gva-_-2022\/\">MOVILIDAD 20212 GV<\/a><\/p>","protected":false},"excerpt":{"rendered":"<p>Si desitja rebre informaci\u00f3 actualitzada sobre les noves convocat\u00f2ries d&#8217;ajudes a la mobilitat que es vagen publicant en aquest apartat, ha de fer-ho a trav\u00e9s de la font de continguts RSS situada en la part inferior dreta de la pantalla, en la qual es mostren totes les categories, en les quals est\u00e0 classificat aquest blog, [&#8230;]<\/p>\n","protected":false},"author":475,"featured_media":0,"parent":67,"menu_order":300,"comment_status":"closed","ping_status":"closed","template":"","meta":{"_links_to":"","_links_to_target":""},"_links":{"self":[{"href":"https:\/\/sgi.umh.es\/ca\/wp-json\/wp\/v2\/pages\/115"}],"collection":[{"href":"https:\/\/sgi.umh.es\/ca\/wp-json\/wp\/v2\/pages"}],"about":[{"href":"https:\/\/sgi.umh.es\/ca\/wp-json\/wp\/v2\/types\/page"}],"author":[{"embeddable":true,"href":"https:\/\/sgi.umh.es\/ca\/wp-json\/wp\/v2\/users\/475"}],"replies":[{"embeddable":true,"href":"https:\/\/sgi.umh.es\/ca\/wp-json\/wp\/v2\/comments?post=115"}],"version-history":[{"count":0,"href":"https:\/\/sgi.umh.es\/ca\/wp-json\/wp\/v2\/pages\/115\/revisions"}],"up":[{"embeddable":true,"href":"https:\/\/sgi.umh.es\/ca\/wp-json\/wp\/v2\/pages\/67"}],"wp:attachment":[{"href":"https:\/\/sgi.umh.es\/ca\/wp-json\/wp\/v2\/media?parent=115"}],"curies":[{"name":"wp","href":"https:\/\/api.w.org\/{rel}","templated":true}]}}