{"id":114,"date":"2010-04-14T17:08:53","date_gmt":"2010-04-14T16:08:53","guid":{"rendered":"http:\/\/otri.zeus.umh.es\/?page_id=114"},"modified":"2026-02-24T10:35:20","modified_gmt":"2026-02-24T09:35:20","slug":"programas-nacionales","status":"publish","type":"page","link":"https:\/\/sgi.umh.es\/ca\/financiacion-idi\/movilidad\/programas-nacionales\/","title":{"rendered":"Programes Nacionals"},"content":{"rendered":"<p><\/p>\n<div style=\"text-align: justify\"><span style=\"color: #808080\"><em>Si desitja <strong>rebre informaci\u00f3 actualitzada sobre les noves convocat\u00f2ries d&#8217;ajudes a la mobilitat<\/strong> que es vagen publicant en aquest apartat, ha de fer-ho a trav\u00e9s de la font de continguts <strong>RSS<\/strong> situada en la part inferior dreta de la pantalla, en la qual es mostren totes les <strong>categories<\/strong>, en les quals est\u00e0 classificat aquest blog, <strong>a les quals pot subscriure&#8217;s<\/strong>.<\/em><\/span><\/div>\n<address>\u00a0<\/address>\n<p style=\"text-align: justify\"><a href=\"https:\/\/sgi.umh.es\/2026\/01\/16\/ayudas-movilidad-miciu-2025_-estancias-en-el-extranjero-para-pdi\/\"><span style=\"color: #000080\"><strong>SUBPROGRAMA ESTATAL DE MOVILIDAD<\/strong><\/span><\/a><\/p>\n<p style=\"text-align: justify\"><span style=\"color: #000080\"><a style=\"color: #000080\" href=\"https:\/\/otri.umh.es\/2011\/07\/15\/subprograma-de-especializacion-en-infraestructuras-cientificas-y-organismos-internacionales\/\" target=\"_self\" rel=\"noopener\">Programa Nacional de Internacionalizaci\u00f3n de la I+D &#8211; Subprograma de Especializaci\u00f3n en Infraestructuras Cient\u00edficas y Organismos Internacionales<\/a><\/span><\/p>\n<p><a href=\"https:\/\/sgi.umh.es\/2025\/01\/10\/fpu-_-ayudas-de-movilidad-para-estancias-breves-y-traslados-temporales-2025\/\">Ayudas complementarias de Movilidad para beneficiarios de FPU para 2025<\/a><\/p>","protected":false},"excerpt":{"rendered":"<p>Si desitja rebre informaci\u00f3 actualitzada sobre les noves convocat\u00f2ries d&#8217;ajudes a la mobilitat que es vagen publicant en aquest apartat, ha de fer-ho a trav\u00e9s de la font de continguts RSS situada en la part inferior dreta de la pantalla, en la qual es mostren totes les categories, en les quals est\u00e0 classificat aquest blog, [&#8230;]<\/p>\n","protected":false},"author":475,"featured_media":0,"parent":67,"menu_order":200,"comment_status":"closed","ping_status":"closed","template":"","meta":{"_links_to":"","_links_to_target":""},"_links":{"self":[{"href":"https:\/\/sgi.umh.es\/ca\/wp-json\/wp\/v2\/pages\/114"}],"collection":[{"href":"https:\/\/sgi.umh.es\/ca\/wp-json\/wp\/v2\/pages"}],"about":[{"href":"https:\/\/sgi.umh.es\/ca\/wp-json\/wp\/v2\/types\/page"}],"author":[{"embeddable":true,"href":"https:\/\/sgi.umh.es\/ca\/wp-json\/wp\/v2\/users\/475"}],"replies":[{"embeddable":true,"href":"https:\/\/sgi.umh.es\/ca\/wp-json\/wp\/v2\/comments?post=114"}],"version-history":[{"count":0,"href":"https:\/\/sgi.umh.es\/ca\/wp-json\/wp\/v2\/pages\/114\/revisions"}],"up":[{"embeddable":true,"href":"https:\/\/sgi.umh.es\/ca\/wp-json\/wp\/v2\/pages\/67"}],"wp:attachment":[{"href":"https:\/\/sgi.umh.es\/ca\/wp-json\/wp\/v2\/media?parent=114"}],"curies":[{"name":"wp","href":"https:\/\/api.w.org\/{rel}","templated":true}]}}